{"id":11254,"date":"2024-12-20T14:09:16","date_gmt":"2024-12-20T13:09:16","guid":{"rendered":"https:\/\/vinum.it\/politica-sui-cookie\/"},"modified":"2024-12-20T14:24:06","modified_gmt":"2024-12-20T13:24:06","slug":"politica-sui-cookie","status":"publish","type":"page","link":"https:\/\/vinum.it\/it\/politica-sui-cookie\/","title":{"rendered":"Cookies"},"content":{"rendered":"\t\t<div data-elementor-type=\"wp-page\" data-elementor-id=\"11254\" class=\"elementor elementor-11254 elementor-11253\" data-elementor-post-type=\"page\">\n\t\t\t\t<div class=\"elementor-element elementor-element-1882afdc e-flex e-con-boxed e-con e-parent\" data-id=\"1882afdc\" data-element_type=\"container\">\n\t\t\t\t\t<div class=\"e-con-inner\">\n\t\t\t\t<div class=\"elementor-element elementor-element-50d8c6ac elementor-widget elementor-widget-text-editor\" data-id=\"50d8c6ac\" data-element_type=\"widget\" data-widget_type=\"text-editor.default\">\n\t\t\t\t\t\t\t\t\t<p>Con questa politica sui cookie, desideriamo spiegare cosa sono i cookie e le tecnologie simili ai cookie, come noi e altri fornitori di servizi li utilizziamo su questo sito web, quali informazioni raccolgono, per quanto tempo e per quali scopi li utilizziamo.<\/p><h2>Indice dei contenuti<\/h2><ul><li><a href=\"#controller-of-the-website\">Controllore del sito web<\/a><\/li><li><a href=\"#diff-to-privacy-policy\">Aggiunta all&#8217;informativa sulla privacy<\/a><\/li><li><a href=\"#cookie-technology\">Cosa sono i cookie e le tecnologie simili?<\/a><\/li><li><a href=\"#legal-basis\">Qual \u00e8 la base giuridica per l&#8217;impostazione\/lettura dei cookie?<\/a><\/li><li><a href=\"#rights-of-visitor\">Quali diritti ha il visitatore del sito web?<\/a><\/li><li><a href=\"#manage-cookies\">Come gestire i cookie in un browser?<\/a><\/li><li><a href=\"#types-of-cookies\">Quali tipi di cookie esistono?<\/a><\/li><li><a href=\"#cookies-origin\">Chi pu\u00f2 impostare i cookie su questo sito web?<\/a><\/li><li><a href=\"#list-of-services\">Quali cookie vengono utilizzati su questo sito web?<\/a><\/li><\/ul><h2 id=\"controller-of-the-website\">Controllore del sito web<\/h2><ul><li><strong>Fornitore: <\/strong>Vinum GmbH, Italia<\/li><li><strong>Email: <\/strong><a target=\"_blank\" href=\"mailto:info@vinum.it\">info@vinum.it<\/a><\/li><li><strong>Telefono: <\/strong><a target=\"_blank\" href=\"tel:+39 0471 061620\">+39 0471 061620<\/a><\/li><li><strong>Modulo di contatto: <\/strong><a target=\"_blank\" href=\"https:\/\/vinum.it\/it\/contatti\/\">vinum.it\/it\/contatti\/<\/a><\/li><\/ul><h2 id=\"diff-to-privacy-policy\">Aggiunta all&#8217;informativa sulla privacy<\/h2><p>Questa politica sui cookie \u00e8 un supplemento alla <a href=\"https:\/\/vinum.it\/it\/privacy\/\" target=\"_blank\">politica sulla privacy di questo sito web<\/a>. La politica sui cookie specifica come un sito web utilizza i cookie e quali dati raccoglie attraverso di essi, mentre la politica sulla privacy \u00e8 una panoramica pi\u00f9 completa di tutte le attivit\u00e0 di elaborazione dei dati sul sito web e oltre.<\/p><h2 id=\"cookie-technology\">Cosa sono i cookie e le tecnologie simili?<\/h2><p>I cookie sono piccole informazioni simili a file di testo che possono essere memorizzate e lette sul dispositivo finale. Servono a vari scopi, tra cui il mantenimento delle funzionalit\u00e0 di base del sito web, la sicurezza e la privacy, la fornitura di funzioni opzionali del sito web, la raccolta di dati statistici sui flussi di visitatori e la fornitura di sistemi di marketing. Esempi pratici di ci\u00f2 che pu\u00f2 essere memorizzato nei cookie sono la memorizzazione dello stato di login negli account utente, il contenuto dei cestini della spesa nelle piattaforme di e-commerce, o un ID utente per il monitoraggio del comportamento sul sito web.<br \/><br \/>Tecnicamente, le informazioni possono essere memorizzate in vari modi. Gli esempi pi\u00f9 noti sono i cookie HTTP e le tecnologie simili ai cookie, come l&#8217;archiviazione locale, l&#8217;archiviazione di sessione o l&#8217;IndexedDB. Ogni tipo di archiviazione ha propriet\u00e0 diverse, che determinano la gestione tecnica, l&#8217;accessibilit\u00e0 e i controllori autorizzati ad accedere alle informazioni. Tutti questi tipi di archiviazione sono solitamente riassunti sotto il termine &#8220;cookie&#8221; e sono quindi denominati come tali in questa politica sui cookie.<\/p><h2 id=\"legal-basis\">Qual \u00e8 la base giuridica per l&#8217;impostazione\/lettura dei cookie?<\/h2><p>L&#8217;impostazione e la lettura dei cookie nell&#8217;Unione Europea (UE) e nello Spazio Economico Europeo (SEE) sono consentite, in conformit\u00e0 con Articolo 122 Codice italiano di protezione dei dati personali (Codice in materia di protezione dei dati personali), solo se l&#8217;utente ha dato il suo consenso sulla base di un&#8217;informazione completa sulle finalit\u00e0 del trattamento. L&#8217;operatore del sito web pu\u00f2 anche impostare i cookie se sono strettamente necessari per fornire a lei come utente il servizio espressamente richiesto, ad esempio il contenuto di base di questo sito web o altri cookie strettamente necessari per la funzionalit\u00e0 di base del sito web da mostrare all&#8217;utente senza il suo consenso.<\/p><h2 id=\"rights-of-visitor\">Quali diritti ha il visitatore del sito web?<\/h2><p>I servizi e i relativi cookie possono essere impostati e letti sulla base giuridica del suo consenso o di un interesse legittimo. Quando ha visitato per la prima volta questo sito web, le \u00e8 stato chiesto il suo consenso e ha avuto la possibilit\u00e0 di opporsi all&#8217;utilizzo di alcuni servizi. Abbiamo spiegato quale base giuridica viene utilizzata per quale servizio nella nostra finestra di dialogo sul consenso.<br \/><br \/>Lei ha il diritto di visualizzare la cronologia delle sue decisioni, di modificare le sue impostazioni sulla privacy, di opporsi all&#8217;uso dei servizi e di revocare il suo consenso in qualsiasi momento. Qui di seguito trova le possibilit\u00e0 di esercitare i suoi diritti:<br \/><ul><li><a  href=\"#consent-change\" role=\"button\" id=\"rcb-sc-link-change\" data-success-message=\"\" class=\"rcb-sc-link rcb-sc-link-change \">Cambia le impostazioni sulla privacy<\/a><\/li><li><a  href=\"#consent-history\" role=\"button\" id=\"rcb-sc-link-history\" data-success-message=\"\" class=\"rcb-sc-link rcb-sc-link-history \">Cronologia impostazioni privacy<\/a><\/li><li><a  href=\"#consent-revoke\" role=\"button\" id=\"rcb-sc-link-revoke\" data-success-message=\"Ha revocato con successo il consenso per i servizi con i suoi cookie e il trattamento dei dati personali. La pagina verr\u00e0 ricaricata ora!\" class=\"rcb-sc-link rcb-sc-link-revoke \">Revoca consensi<\/a><\/li><\/ul><\/p><h2 id=\"manage-cookies\">Come gestire i cookie in un browser?<\/h2><p><ul><li><strong>Come rimuovere i cookie in un browser:<\/strong> Per rimuovere i cookie dal suo dispositivo, pu\u00f2 cancellare i dati di navigazione nelle impostazioni del suo browser. Questa azione rimuover\u00e0 tutti i cookie di tutti i siti web che ha visitato, compresi potenzialmente i dati di accesso salvati e le preferenze del sito. In alcuni browser, \u00e8 possibile eliminare solo i cookie e dati simili senza cancellare l&#8217;intera cronologia di navigazione.<\/li><li><strong>Come controllare i cookie in un browser:<\/strong> Per un controllo pi\u00f9 granulare sui cookie specifici di alcuni siti web, si rechi nelle impostazioni della privacy e dei cookie del suo browser. Qui pu\u00f2 regolare le preferenze relative all&#8217;utilizzo dei cookie da parte di singoli siti.<\/li><li><strong>Come bloccare i cookie in un browser:<\/strong> \u00c8 possibile configurare la maggior parte dei browser moderni nelle loro impostazioni per bloccare l&#8217;inserimento di tutti i cookie sul suo dispositivo. Tuttavia, il blocco dei cookie potrebbe far s\u00ec che alcuni servizi e funzionalit\u00e0 non funzionino correttamente, ad esempio il login come utente. Pu\u00f2 anche utilizzare estensioni per molti browser che possono bloccare l&#8217;impostazione dei cookie sui siti web.<\/li><li><strong>Come gestire i cookie su questo sito web:<\/strong> Per personalizzare le sue preferenze relative ai cookie su questo sito web, pu\u00f2 modificare le sue preferenze in qualsiasi momento, cliccando sul link nella sezione &#8220;Diritti del visitatore del sito web&#8221;.<\/li><\/li><\/ul><p>Pu\u00f2 trovare maggiori informazioni sulla gestione dei cookie <a href=\"https:\/\/devowl.io\/rcb\/cookie-handling\/\" target=\"_blank\">devowl.io\/rcb\/cookie-handling\/<\/a>.<\/p><\/p><h2 id=\"types-of-cookies\">Quali tipi di cookie esistono?<\/h2><p><ul><li>I <strong>cookie essenziali<\/strong> sono indispensabili per la funzionalit\u00e0 di base di un sito web e consentono funzioni come il salvataggio delle informazioni di login o l&#8217;accesso ad aree sicure del sito. Questi includono, ad esempio, i cookie di sicurezza, che possono identificare un bot non desiderato sul sito web, memorizzando una chiave di autenticazione in un cookie.<\/li><li>I<strong>cookie funzionali<\/strong> migliorano l&#8217;esperienza dell&#8217;utente memorizzando informazioni e preferenze, come le impostazioni della lingua o dell&#8217;aspetto del sito web, per fornire informazioni personalizzate. Ci\u00f2 include, ad esempio, i cookie di preferenza che memorizzano la qualit\u00e0 video preferita dall&#8217;utente su un sito web.<\/li><li>I <strong>I cookie statistici<\/strong> raccolgono dati sull&#8217;utilizzo di un sito web per ottenere informazioni sul comportamento degli utenti e ottimizzare le prestazioni del sito. Ci\u00f2 include, ad esempio, un ID utente assegnato in modo casuale che consente di attribuire se lei ha visitato una sottopagina del sito web.<\/li><li>I <strong>cookie di marketing<\/strong> sono utilizzati per tracciare il comportamento degli utenti su diversi siti web e per visualizzare pubblicit\u00e0 personalizzate in base agli interessi e al comportamento di navigazione degli utenti. Ci\u00f2 include, ad esempio, i cookie pubblicitari che memorizzano un&#8217;interazione con una pubblicit\u00e0 sul sito web e la trasmettono agli inserzionisti o un sistema di chat per le domande pre-vendita e l&#8217;assistenza clienti.<\/li><\/li><\/ul><\/p><h2 id=\"cookies-origin\">Chi pu\u00f2 impostare i cookie su questo sito web?<\/h2><p>Su questo sito web, sia l&#8217;operatore del sito web che i servizi di terze parti che vengono utilizzati su questo sito web possono impostare dei cookie e accedere al suo contenuto. Chi pu\u00f2 accedere a quali cookie e al loro contenuto differisce tra cookie di prima parte e cookie di terza parte. I cookie di prima parte sono creati dal sito web visitato e possono essere letti solo dall&#8217;operatore del sito web e dai servizi di terze parti integrati in questo sito web. I cookie di terze parti sono impostati da servizi solitamente di terze parti su altri domini, possono essere letti da tutti i siti web in cui \u00e8 incorporato il servizio che controlla il dominio e, ad esempio, sono utilizzati dalle reti pubblicitarie per tracciare il comportamento degli utenti su diversi siti web e offrire pubblicit\u00e0 personalizzata.<\/p><h2 id=\"list-of-services\">Quali cookie vengono utilizzati su questo sito web?<\/h2><script type=\"application\/json\">{\"search\":{\"placeholder\":\"Cerca...\"},\"sort\":{\"sortAsc\":\"Ordina la colonna in modo ascendente\",\"sortDesc\":\"Ordina la colonna in modo decrescente\"},\"pagination\":{\"previous\":\"Precedente\",\"next\":\"Successivo\",\"navigate\":\"Pagina %1$d di %2$d\",\"page\":\"Pagina %d\",\"showing\":\"Mostrando\",\"of\":\"di\",\"to\":\"per\",\"results\":\"risultati\"},\"noRecordsFound\":\"Non sono stati trovati record corrispondenti\"}<\/script><table  class=\"devowl-wp-react-cookie-banner-cookie-policy\"><thead><tr><th width=\"200px\" scope=\"col\">Categoria<\/th><th width=\"400px\" scope=\"col\">Nome tecnico del cookie<\/th><th width=\"400px\" scope=\"col\">Ospite tecnico dei cookie<\/th><th width=\"400px\" scope=\"col\">Servizio<\/th><th width=\"250px\" scope=\"col\">Durata<\/th><th width=\"200px\" scope=\"col\">Tipo<\/th><th width=\"550px\" scope=\"col\">Scopo<\/th><\/tr><\/thead><tbody><tr><td>Essenziale<\/td><td>real_cookie_banner*<\/td><td>.vinum.it<\/td><td>Real Cookie Banner<\/td><td>365 giorni<\/td><td>HTTP Cookie<\/td><td>Eindeutiger Identifikator f\u00fcr die Einwilligung, aber nicht f\u00fcr den Website-Besucher. Revisionshash f\u00fcr die Einstellungen des Cookie-Banners (Texte, Farben, Funktionen, Servicegruppen, Dienste, Content Blocker usw.). IDs f\u00fcr eingewilligte Services und Service-Gruppen.<\/td><\/tr><tr><td>Essenziale<\/td><td>real_cookie_banner*-tcf<\/td><td>.vinum.it<\/td><td>Real Cookie Banner<\/td><td>365 giorni<\/td><td>HTTP Cookie<\/td><td>Im Rahmen von TCF gesammelte Einwilligungen, die im TC-String-Format gespeichert werden, einschlie\u00dflich TCF-Vendoren, -Zwecke, -Sonderzwecke, -Funktionen und -Sonderfunktionen.<\/td><\/tr><tr><td>Essenziale<\/td><td>real_cookie_banner*-gcm<\/td><td>.vinum.it<\/td><td>Real Cookie Banner<\/td><td>365 giorni<\/td><td>HTTP Cookie<\/td><td>Die im Google Consent Mode gesammelten Einwilligungen in die verschiedenen Einwilligungstypen (Zwecke) werden f\u00fcr alle mit dem Google Consent Mode kompatiblen Services gespeichert.<\/td><\/tr><tr><td>Essenziale<\/td><td>real_cookie_banner-test<\/td><td>.vinum.it<\/td><td>Real Cookie Banner<\/td><td>365 giorni<\/td><td>HTTP Cookie<\/td><td>Cookie, der gesetzt wurde, um die Funktionalit\u00e4t von HTTP-Cookies zu testen. Wird sofort nach dem Test gel\u00f6scht.<\/td><\/tr><tr><td>Essenziale<\/td><td>real_cookie_banner*<\/td><td>https:\/\/vinum.it<\/td><td>Real Cookie Banner<\/td><td>&#8211;<\/td><td>Local Storage<\/td><td>Eindeutiger Identifikator f\u00fcr die Einwilligung, aber nicht f\u00fcr den Website-Besucher. Revisionshash f\u00fcr die Einstellungen des Cookie-Banners (Texte, Farben, Funktionen, Service-Gruppen, Services, Content Blocker usw.). IDs f\u00fcr eingewilligte Services und Service-Gruppen. Wird nur solange gespeichert, bis die Einwilligung auf dem Website-Server dokumentiert ist.<\/td><\/tr><tr><td>Essenziale<\/td><td>real_cookie_banner*-tcf<\/td><td>https:\/\/vinum.it<\/td><td>Real Cookie Banner<\/td><td>&#8211;<\/td><td>Local Storage<\/td><td>Im Rahmen von TCF gesammelte Einwilligungen werden im TC-String-Format gespeichert, einschlie\u00dflich TCF Vendoren, Zwecke, besondere Zwecke, Funktionen und besondere Funktionen. Wird nur solange gespeichert, bis die Einwilligung auf dem Website-Server dokumentiert ist.<\/td><\/tr><tr><td>Essenziale<\/td><td>real_cookie_banner*-gcm<\/td><td>https:\/\/vinum.it<\/td><td>Real Cookie Banner<\/td><td>&#8211;<\/td><td>Local Storage<\/td><td>Im Rahmen des Google Consent Mode erfasste Einwilligungen werden f\u00fcr alle mit dem Google Consent Mode kompatiblen Services in Einwilligungstypen (Zwecke) gespeichert. Wird nur solange gespeichert, bis die Einwilligung auf dem Website-Server dokumentiert ist.<\/td><\/tr><tr><td>Essenziale<\/td><td>real_cookie_banner-consent-queue*<\/td><td>https:\/\/vinum.it<\/td><td>Real Cookie Banner<\/td><td>&#8211;<\/td><td>Local Storage<\/td><td>Lokale Zwischenspeicherung (Caching) der Auswahl im Cookie-Banner, bis der Server die Einwilligung dokumentiert; Dokumentation periodisch oder bei Seitenwechseln versucht, wenn der Server nicht verf\u00fcgbar oder \u00fcberlastet ist.<\/td><\/tr><\/tbody><\/table><p>La politica sui cookie \u00e8 stata aggiornata l&#8217;ultima volta il 23. Dicembre 2024.<\/p>\n\t\t\t\t\t\t\t\t<\/div>\n\t\t\t\t\t<\/div>\n\t\t\t\t<\/div>\n\t\t\t\t<\/div>\n\t\t","protected":false},"excerpt":{"rendered":"","protected":false},"author":2,"featured_media":0,"parent":0,"menu_order":0,"comment_status":"closed","ping_status":"closed","template":"","meta":{"inline_featured_image":false,"footnotes":""},"class_list":["post-11254","page","type-page","status-publish","hentry"],"yoast_head":"<!-- This site is optimized with the Yoast SEO plugin v24.3 - https:\/\/yoast.com\/wordpress\/plugins\/seo\/ -->\n<title>Cookies - Vinum<\/title>\n<meta name=\"robots\" content=\"index, follow, max-snippet:-1, max-image-preview:large, max-video-preview:-1\" \/>\n<link rel=\"canonical\" href=\"https:\/\/vinum.it\/it\/politica-sui-cookie\/\" \/>\n<meta property=\"og:locale\" content=\"it_IT\" \/>\n<meta property=\"og:type\" content=\"article\" \/>\n<meta property=\"og:title\" content=\"Cookies - Vinum\" \/>\n<meta property=\"og:url\" content=\"https:\/\/vinum.it\/it\/politica-sui-cookie\/\" \/>\n<meta property=\"og:site_name\" content=\"Vinum\" \/>\n<meta property=\"article:publisher\" content=\"https:\/\/www.facebook.com\/vinumitaly\" \/>\n<meta property=\"article:modified_time\" content=\"2024-12-20T13:24:06+00:00\" \/>\n<meta name=\"twitter:card\" content=\"summary_large_image\" \/>\n<meta name=\"twitter:label1\" content=\"Tempo di lettura stimato\" \/>\n\t<meta name=\"twitter:data1\" content=\"1 minuto\" \/>\n<script type=\"application\/ld+json\" class=\"yoast-schema-graph\">{\"@context\":\"https:\/\/schema.org\",\"@graph\":[{\"@type\":\"WebPage\",\"@id\":\"https:\/\/vinum.it\/it\/politica-sui-cookie\/\",\"url\":\"https:\/\/vinum.it\/it\/politica-sui-cookie\/\",\"name\":\"Cookies - Vinum\",\"isPartOf\":{\"@id\":\"https:\/\/vinum.it\/it\/#website\"},\"datePublished\":\"2024-12-20T13:09:16+00:00\",\"dateModified\":\"2024-12-20T13:24:06+00:00\",\"breadcrumb\":{\"@id\":\"https:\/\/vinum.it\/it\/politica-sui-cookie\/#breadcrumb\"},\"inLanguage\":\"it-IT\",\"potentialAction\":[{\"@type\":\"ReadAction\",\"target\":[\"https:\/\/vinum.it\/it\/politica-sui-cookie\/\"]}]},{\"@type\":\"BreadcrumbList\",\"@id\":\"https:\/\/vinum.it\/it\/politica-sui-cookie\/#breadcrumb\",\"itemListElement\":[{\"@type\":\"ListItem\",\"position\":1,\"name\":\"Home\",\"item\":\"https:\/\/vinum.it\/it\/\"},{\"@type\":\"ListItem\",\"position\":2,\"name\":\"Cookies\"}]},{\"@type\":\"WebSite\",\"@id\":\"https:\/\/vinum.it\/it\/#website\",\"url\":\"https:\/\/vinum.it\/it\/\",\"name\":\"Vinum\",\"description\":\"Weindiele\",\"publisher\":{\"@id\":\"https:\/\/vinum.it\/it\/#organization\"},\"potentialAction\":[{\"@type\":\"SearchAction\",\"target\":{\"@type\":\"EntryPoint\",\"urlTemplate\":\"https:\/\/vinum.it\/it\/?s={search_term_string}\"},\"query-input\":{\"@type\":\"PropertyValueSpecification\",\"valueRequired\":true,\"valueName\":\"search_term_string\"}}],\"inLanguage\":\"it-IT\"},{\"@type\":\"Organization\",\"@id\":\"https:\/\/vinum.it\/it\/#organization\",\"name\":\"Vinum\",\"url\":\"https:\/\/vinum.it\/it\/\",\"logo\":{\"@type\":\"ImageObject\",\"inLanguage\":\"it-IT\",\"@id\":\"https:\/\/vinum.it\/it\/#\/schema\/logo\/image\/\",\"url\":\"https:\/\/vinum.it\/wp-content\/uploads\/vinum-logo.svg\",\"contentUrl\":\"https:\/\/vinum.it\/wp-content\/uploads\/vinum-logo.svg\",\"width\":225,\"height\":77,\"caption\":\"Vinum\"},\"image\":{\"@id\":\"https:\/\/vinum.it\/it\/#\/schema\/logo\/image\/\"},\"sameAs\":[\"https:\/\/www.facebook.com\/vinumitaly\",\"https:\/\/www.instagram.com\/vinum.italy\/\"]}]}<\/script>\n<!-- \/ Yoast SEO plugin. -->","yoast_head_json":{"title":"Cookies - Vinum","robots":{"index":"index","follow":"follow","max-snippet":"max-snippet:-1","max-image-preview":"max-image-preview:large","max-video-preview":"max-video-preview:-1"},"canonical":"https:\/\/vinum.it\/it\/politica-sui-cookie\/","og_locale":"it_IT","og_type":"article","og_title":"Cookies - Vinum","og_url":"https:\/\/vinum.it\/it\/politica-sui-cookie\/","og_site_name":"Vinum","article_publisher":"https:\/\/www.facebook.com\/vinumitaly","article_modified_time":"2024-12-20T13:24:06+00:00","twitter_card":"summary_large_image","twitter_misc":{"Tempo di lettura stimato":"1 minuto"},"schema":{"@context":"https:\/\/schema.org","@graph":[{"@type":"WebPage","@id":"https:\/\/vinum.it\/it\/politica-sui-cookie\/","url":"https:\/\/vinum.it\/it\/politica-sui-cookie\/","name":"Cookies - Vinum","isPartOf":{"@id":"https:\/\/vinum.it\/it\/#website"},"datePublished":"2024-12-20T13:09:16+00:00","dateModified":"2024-12-20T13:24:06+00:00","breadcrumb":{"@id":"https:\/\/vinum.it\/it\/politica-sui-cookie\/#breadcrumb"},"inLanguage":"it-IT","potentialAction":[{"@type":"ReadAction","target":["https:\/\/vinum.it\/it\/politica-sui-cookie\/"]}]},{"@type":"BreadcrumbList","@id":"https:\/\/vinum.it\/it\/politica-sui-cookie\/#breadcrumb","itemListElement":[{"@type":"ListItem","position":1,"name":"Home","item":"https:\/\/vinum.it\/it\/"},{"@type":"ListItem","position":2,"name":"Cookies"}]},{"@type":"WebSite","@id":"https:\/\/vinum.it\/it\/#website","url":"https:\/\/vinum.it\/it\/","name":"Vinum","description":"Weindiele","publisher":{"@id":"https:\/\/vinum.it\/it\/#organization"},"potentialAction":[{"@type":"SearchAction","target":{"@type":"EntryPoint","urlTemplate":"https:\/\/vinum.it\/it\/?s={search_term_string}"},"query-input":{"@type":"PropertyValueSpecification","valueRequired":true,"valueName":"search_term_string"}}],"inLanguage":"it-IT"},{"@type":"Organization","@id":"https:\/\/vinum.it\/it\/#organization","name":"Vinum","url":"https:\/\/vinum.it\/it\/","logo":{"@type":"ImageObject","inLanguage":"it-IT","@id":"https:\/\/vinum.it\/it\/#\/schema\/logo\/image\/","url":"https:\/\/vinum.it\/wp-content\/uploads\/vinum-logo.svg","contentUrl":"https:\/\/vinum.it\/wp-content\/uploads\/vinum-logo.svg","width":225,"height":77,"caption":"Vinum"},"image":{"@id":"https:\/\/vinum.it\/it\/#\/schema\/logo\/image\/"},"sameAs":["https:\/\/www.facebook.com\/vinumitaly","https:\/\/www.instagram.com\/vinum.italy\/"]}]}},"_links":{"self":[{"href":"https:\/\/vinum.it\/it\/wp-json\/wp\/v2\/pages\/11254"}],"collection":[{"href":"https:\/\/vinum.it\/it\/wp-json\/wp\/v2\/pages"}],"about":[{"href":"https:\/\/vinum.it\/it\/wp-json\/wp\/v2\/types\/page"}],"author":[{"embeddable":true,"href":"https:\/\/vinum.it\/it\/wp-json\/wp\/v2\/users\/2"}],"replies":[{"embeddable":true,"href":"https:\/\/vinum.it\/it\/wp-json\/wp\/v2\/comments?post=11254"}],"version-history":[{"count":1,"href":"https:\/\/vinum.it\/it\/wp-json\/wp\/v2\/pages\/11254\/revisions"}],"predecessor-version":[{"id":11276,"href":"https:\/\/vinum.it\/it\/wp-json\/wp\/v2\/pages\/11254\/revisions\/11276"}],"wp:attachment":[{"href":"https:\/\/vinum.it\/it\/wp-json\/wp\/v2\/media?parent=11254"}],"curies":[{"name":"wp","href":"https:\/\/api.w.org\/{rel}","templated":true}]}}