{"id":10474,"date":"2023-08-30T13:35:08","date_gmt":"2023-08-30T11:35:08","guid":{"rendered":"https:\/\/vinum.it\/home-pagina-di-collezione\/"},"modified":"2026-02-24T11:07:15","modified_gmt":"2026-02-24T10:07:15","slug":"home-pagina-di-collezione","status":"publish","type":"page","link":"https:\/\/vinum.it\/it\/","title":{"rendered":"Home"},"content":{"rendered":"\t\t<div data-elementor-type=\"wp-page\" data-elementor-id=\"10474\" class=\"elementor elementor-10474 elementor-19\" data-elementor-post-type=\"page\">\n\t\t\t\t<div class=\"elementor-element elementor-element-5c8b68b e-con-full e-flex e-con e-parent\" data-id=\"5c8b68b\" data-element_type=\"container\">\n\t\t\t\t<div class=\"elementor-element elementor-element-7cd5e28 elementor--h-position-center elementor--v-position-middle elementor-arrows-position-inside elementor-pagination-position-inside elementor-widget elementor-widget-slides\" data-id=\"7cd5e28\" data-element_type=\"widget\" data-settings=\"{&quot;navigation&quot;:&quot;both&quot;,&quot;autoplay&quot;:&quot;yes&quot;,&quot;pause_on_hover&quot;:&quot;yes&quot;,&quot;pause_on_interaction&quot;:&quot;yes&quot;,&quot;autoplay_speed&quot;:5000,&quot;infinite&quot;:&quot;yes&quot;,&quot;transition&quot;:&quot;slide&quot;,&quot;transition_speed&quot;:500}\" data-widget_type=\"slides.default\">\n\t\t\t\t\t\t\t\t\t\t<div class=\"elementor-slides-wrapper elementor-main-swiper swiper\" role=\"region\" aria-roledescription=\"carousel\" aria-label=\"Slider\" dir=\"ltr\" data-animation=\"fadeInUp\">\n\t\t\t\t<div class=\"swiper-wrapper elementor-slides\">\n\t\t\t\t\t\t\t\t\t\t<div class=\"elementor-repeater-item-005f0e4 swiper-slide\" role=\"group\" aria-roledescription=\"slide\"><div class=\"swiper-slide-bg\" role=\"img\" aria-label=\"Weine in Regal 2 (2)\"><\/div><a class=\"swiper-slide-inner\" href=\"https:\/\/vinum.it\/kontakt\/\"><div class=\"swiper-slide-contents\"><div class=\"elementor-slide-heading\">Focus on wine.<\/div><div  class=\"elementor-button elementor-slide-button elementor-size-xs\">Contatto<\/div><\/div><\/a><\/div>\t\t\t\t<\/div>\n\t\t\t\t\t\t\t<\/div>\n\t\t\t\t\t\t\t\t<\/div>\n\t\t\t\t<\/div>\n\t\t<div class=\"elementor-element elementor-element-df4f3fa e-flex e-con-boxed e-con e-child\" data-id=\"df4f3fa\" data-element_type=\"container\">\n\t\t\t\t\t<div class=\"e-con-inner\">\n\t\t\t\t<div class=\"elementor-element elementor-element-e57a293 elementor-widget elementor-widget-heading\" data-id=\"e57a293\" data-element_type=\"widget\" data-widget_type=\"heading.default\">\n\t\t\t\t\t<h2 class=\"elementor-heading-title elementor-size-default\">scegliere VINUM<\/h2>\t\t\t\t<\/div>\n\t\t\t\t<div class=\"elementor-element elementor-element-820c4aa elementor-widget__width-initial elementor-widget-tablet__width-initial elementor-widget elementor-widget-text-editor\" data-id=\"820c4aa\" data-element_type=\"widget\" data-widget_type=\"text-editor.default\">\n\t\t\t\t\t\t\t\t\t<p data-start=\"128\" data-end=\"283\">Vinum \u00e8 un\u2019azienda familiare attiva come <strong>agenzia e societ\u00e0 commerciale,<\/strong> con aree operative chiaramente strutturate dedicate al mondo dei vini italiani.<\/p><p data-start=\"285\" data-end=\"524\">Dall\u2019agenzia di distribuzione internazionale alla distribuzione regionale in Alto Adige, fino alla vinoteca, al dropshipping e a selezionati progetti nel settore della ristorazione, Vinum riunisce competenze diverse sotto un unico marchio.<\/p><p data-start=\"526\" data-end=\"820\">Da decenni rappresentiamo qualit\u00e0, affidabilit\u00e0 e una visione imprenditoriale orientata al lungo termine. In qualit\u00e0 di specialisti dei vini italiani, mettiamo in collegamento produttori, partner commerciali e clienti finali attraverso strutture distributive e commerciali chiaramente definite.<\/p><p data-start=\"526\" data-end=\"820\">\u00a0<\/p><h3 data-start=\"822\" data-end=\"894\"><strong data-start=\"822\" data-end=\"894\">Vinum \u2013 struttura, competenza e passione per il vino da generazioni.<\/strong><\/h3>\t\t\t\t\t\t\t\t<\/div>\n\t\t\t\t<div class=\"elementor-element elementor-element-78a99e3 elementor-align-center elementor-widget elementor-widget-button\" data-id=\"78a99e3\" data-element_type=\"widget\" data-widget_type=\"button.default\">\n\t\t\t\t\t\t\t\t\t\t<a class=\"elementor-button elementor-button-link elementor-size-lg\" href=\"https:\/\/vinum.it\/it\/chi-siamo\/\">\n\t\t\t\t\t\t<span class=\"elementor-button-content-wrapper\">\n\t\t\t\t\t\t\t\t\t<span class=\"elementor-button-text\">Chi siamo<\/span>\n\t\t\t\t\t<\/span>\n\t\t\t\t\t<\/a>\n\t\t\t\t\t\t\t\t<\/div>\n\t\t\t\t\t<\/div>\n\t\t\t\t<\/div>\n\t\t<div class=\"elementor-element elementor-element-673b0bd e-flex e-con-boxed e-con e-parent\" data-id=\"673b0bd\" data-element_type=\"container\" data-settings=\"{&quot;background_background&quot;:&quot;classic&quot;}\">\n\t\t\t\t\t<div class=\"e-con-inner\">\n\t\t\t\t<div class=\"elementor-element elementor-element-da9cd63 elementor-hidden-mobile elementor-widget elementor-widget-heading\" data-id=\"da9cd63\" data-element_type=\"widget\" data-widget_type=\"heading.default\">\n\t\t\t\t\t<h2 class=\"elementor-heading-title elementor-size-default\">Aree di attivit\u00e0<\/h2>\t\t\t\t<\/div>\n\t\t\t\t<div class=\"elementor-element elementor-element-83d609a elementor-hidden-desktop elementor-hidden-laptop elementor-hidden-tablet elementor-widget elementor-widget-heading\" data-id=\"83d609a\" data-element_type=\"widget\" data-widget_type=\"heading.default\">\n\t\t\t\t\t<h2 class=\"elementor-heading-title elementor-size-default\">\nAree di business<\/h2>\t\t\t\t<\/div>\n\t\t<div class=\"elementor-element elementor-element-57dcf9b e-con-full e-grid e-con e-child\" data-id=\"57dcf9b\" data-element_type=\"container\">\n\t\t\t\t<div class=\"elementor-element elementor-element-c2da6db elementor-cta--skin-cover elementor-bg-transform elementor-bg-transform-zoom-in elementor-widget elementor-widget-call-to-action\" data-id=\"c2da6db\" data-element_type=\"widget\" data-widget_type=\"call-to-action.default\">\n\t\t\t\t\t\t\t<div class=\"elementor-cta\">\n\t\t\t\t\t<div class=\"elementor-cta__bg-wrapper\">\n\t\t\t\t<div class=\"elementor-cta__bg elementor-bg\" style=\"background-image: url(https:\/\/vinum.it\/wp-content\/uploads\/Weine-in-Regal.webp);\" role=\"img\" aria-label=\"Weine in Regal\"><\/div>\n\t\t\t\t<div class=\"elementor-cta__bg-overlay\"><\/div>\n\t\t\t<\/div>\n\t\t\t\t\t\t\t<div class=\"elementor-cta__content\">\n\t\t\t\t\n\t\t\t\t\t\t\t\t\t<h2 class=\"elementor-cta__title elementor-cta__content-item elementor-content-item\">\n\t\t\t\t\t\tEnoteca\t\t\t\t\t<\/h2>\n\t\t\t\t\n\t\t\t\t\t\t\t\t\t<div class=\"elementor-cta__description elementor-cta__content-item elementor-content-item\">\n\t\t\t\t\t\tLa nostra enoteca a Bolzano - vino, spiriti e specialit\u00e0.\n\nScoprire. Provare. Amare.\t\t\t\t\t<\/div>\n\t\t\t\t\n\t\t\t\t\t\t\t\t\t<div class=\"elementor-cta__button-wrapper elementor-cta__content-item elementor-content-item \">\n\t\t\t\t\t<a class=\"elementor-cta__button elementor-button elementor-size-\" href=\"https:\/\/vinum.it\/vinothek\/\">\n\t\t\t\t\t\tScopri di pi\u00f9\t\t\t\t\t<\/a>\n\t\t\t\t\t<\/div>\n\t\t\t\t\t\t\t<\/div>\n\t\t\t\t\t\t<\/div>\n\t\t\t\t\t\t<\/div>\n\t\t\t\t<div class=\"elementor-element elementor-element-b5412b2 elementor-cta--skin-cover elementor-bg-transform elementor-bg-transform-zoom-in elementor-widget elementor-widget-call-to-action\" data-id=\"b5412b2\" data-element_type=\"widget\" data-widget_type=\"call-to-action.default\">\n\t\t\t\t\t\t\t<div class=\"elementor-cta\">\n\t\t\t\t\t<div class=\"elementor-cta__bg-wrapper\">\n\t\t\t\t<div class=\"elementor-cta__bg elementor-bg\" style=\"background-image: url(https:\/\/vinum.it\/wp-content\/uploads\/Vinum-Part-III-165-1.webp);\" role=\"img\" aria-label=\"Vinum Part III-165 (1)\"><\/div>\n\t\t\t\t<div class=\"elementor-cta__bg-overlay\"><\/div>\n\t\t\t<\/div>\n\t\t\t\t\t\t\t<div class=\"elementor-cta__content\">\n\t\t\t\t\n\t\t\t\t\t\t\t\t\t<h2 class=\"elementor-cta__title elementor-cta__content-item elementor-content-item\">\n\t\t\t\t\t\tDropshipping\t\t\t\t\t<\/h2>\n\t\t\t\t\n\t\t\t\t\t\t\t\t\t<div class=\"elementor-cta__description elementor-cta__content-item elementor-content-item\">\n\t\t\t\t\t\tAcquistare vino online e ricevere in tutto il mondo\nSemplice. Veloce. Affidabile.\t\t\t\t\t<\/div>\n\t\t\t\t\n\t\t\t\t\t\t\t\t\t<div class=\"elementor-cta__button-wrapper elementor-cta__content-item elementor-content-item \">\n\t\t\t\t\t<a class=\"elementor-cta__button elementor-button elementor-size-\" href=\"https:\/\/vinum.it\/dropshipping\/\">\n\t\t\t\t\t\tScopri di pi\u00f9\t\t\t\t\t<\/a>\n\t\t\t\t\t<\/div>\n\t\t\t\t\t\t\t<\/div>\n\t\t\t\t\t\t<\/div>\n\t\t\t\t\t\t<\/div>\n\t\t\t\t<div class=\"elementor-element elementor-element-e5f5976 elementor-cta--skin-cover elementor-bg-transform elementor-bg-transform-zoom-in elementor-widget elementor-widget-call-to-action\" data-id=\"e5f5976\" data-element_type=\"widget\" data-widget_type=\"call-to-action.default\">\n\t\t\t\t\t\t\t<div class=\"elementor-cta\">\n\t\t\t\t\t<div class=\"elementor-cta__bg-wrapper\">\n\t\t\t\t<div class=\"elementor-cta__bg elementor-bg\" style=\"background-image: url(https:\/\/vinum.it\/wp-content\/uploads\/Nussbaumer-Bozen.webp);\" role=\"img\" aria-label=\"Nussbaumer Bozen\"><\/div>\n\t\t\t\t<div class=\"elementor-cta__bg-overlay\"><\/div>\n\t\t\t<\/div>\n\t\t\t\t\t\t\t<div class=\"elementor-cta__content\">\n\t\t\t\t\n\t\t\t\t\t\t\t\t\t<h2 class=\"elementor-cta__title elementor-cta__content-item elementor-content-item\">\n\t\t\t\t\t\tGastronomia\t\t\t\t\t<\/h2>\n\t\t\t\t\n\t\t\t\t\t\t\t\t\t<div class=\"elementor-cta__description elementor-cta__content-item elementor-content-item\">\n\t\t\t\t\t\tI nostri locali partner <b>Nussbaumer<\/b> e <b>Exil<\/b> a Bolzano.<br>Cucina. Vino. Atmosfera.\t\t\t\t\t<\/div>\n\t\t\t\t\n\t\t\t\t\t\t\t\t\t<div class=\"elementor-cta__button-wrapper elementor-cta__content-item elementor-content-item \">\n\t\t\t\t\t<a class=\"elementor-cta__button elementor-button elementor-size-\" href=\"https:\/\/vinum.it\/gastronomie\/\">\n\t\t\t\t\t\tScopri di pi\u00f9\t\t\t\t\t<\/a>\n\t\t\t\t\t<\/div>\n\t\t\t\t\t\t\t<\/div>\n\t\t\t\t\t\t<\/div>\n\t\t\t\t\t\t<\/div>\n\t\t\t\t<\/div>\n\t\t<div class=\"elementor-element elementor-element-cea17e3 e-con-full e-grid e-con e-child\" data-id=\"cea17e3\" data-element_type=\"container\">\n\t\t\t\t<div class=\"elementor-element elementor-element-56768d3 elementor-cta--skin-cover elementor-bg-transform elementor-bg-transform-zoom-in elementor-widget elementor-widget-call-to-action\" data-id=\"56768d3\" data-element_type=\"widget\" data-widget_type=\"call-to-action.default\">\n\t\t\t\t\t\t\t<div class=\"elementor-cta\">\n\t\t\t\t\t<div class=\"elementor-cta__bg-wrapper\">\n\t\t\t\t<div class=\"elementor-cta__bg elementor-bg\" style=\"background-image: url(https:\/\/vinum.it\/wp-content\/uploads\/Suedtirol-Distribution-2-1.webp);\" role=\"img\" aria-label=\"Su\u0308dtirol Distribution 2 (1)\"><\/div>\n\t\t\t\t<div class=\"elementor-cta__bg-overlay\"><\/div>\n\t\t\t<\/div>\n\t\t\t\t\t\t\t<div class=\"elementor-cta__content\">\n\t\t\t\t\n\t\t\t\t\t\t\t\t\t<h2 class=\"elementor-cta__title elementor-cta__content-item elementor-content-item\">\n\t\t\t\t\t\tDistribuzione Alto Adige\t\t\t\t\t<\/h2>\n\t\t\t\t\n\t\t\t\t\t\t\t\t\t<div class=\"elementor-cta__description elementor-cta__content-item elementor-content-item\">\n\t\t\t\t\t\tConsulenza e distribuzione di vini, distillati e bevande da bar per la gastronomia.<br>Flessibile. Veloce. Professionale.\t\t\t\t\t<\/div>\n\t\t\t\t\n\t\t\t\t\t\t\t\t\t<div class=\"elementor-cta__button-wrapper elementor-cta__content-item elementor-content-item \">\n\t\t\t\t\t<a class=\"elementor-cta__button elementor-button elementor-size-\" href=\"http:\/\/www.vinum-distribution.it\">\n\t\t\t\t\t\tScopri di pi\u00f9\t\t\t\t\t<\/a>\n\t\t\t\t\t<\/div>\n\t\t\t\t\t\t\t<\/div>\n\t\t\t\t\t\t<\/div>\n\t\t\t\t\t\t<\/div>\n\t\t\t\t<div class=\"elementor-element elementor-element-2003127 elementor-cta--skin-cover elementor-bg-transform elementor-bg-transform-zoom-in elementor-widget elementor-widget-call-to-action\" data-id=\"2003127\" data-element_type=\"widget\" data-widget_type=\"call-to-action.default\">\n\t\t\t\t\t\t\t<div class=\"elementor-cta\">\n\t\t\t\t\t<div class=\"elementor-cta__bg-wrapper\">\n\t\t\t\t<div class=\"elementor-cta__bg elementor-bg\" style=\"background-image: url(https:\/\/vinum.it\/wp-content\/uploads\/Vinum-Part-III-160.webp);\" role=\"img\" aria-label=\"Vinum Part III-160\"><\/div>\n\t\t\t\t<div class=\"elementor-cta__bg-overlay\"><\/div>\n\t\t\t<\/div>\n\t\t\t\t\t\t\t<div class=\"elementor-cta__content\">\n\t\t\t\t\n\t\t\t\t\t\t\t\t\t<h2 class=\"elementor-cta__title elementor-cta__content-item elementor-content-item\">\n\t\t\t\t\t\tDistribuzione Germania\t\t\t\t\t<\/h2>\n\t\t\t\t\n\t\t\t\t\t\t\t\t\t<div class=\"elementor-cta__description elementor-cta__content-item elementor-content-item\">\n\t\t\t\t\t\t<br>L\u2019agenzia rappresenta cantine partner italiane per il commercio specializzato.<br>Qualit\u00e0. Creativit\u00e0. Professionalit\u00e0.\t\t\t\t\t<\/div>\n\t\t\t\t\n\t\t\t\t\t\t\t\t\t<div class=\"elementor-cta__button-wrapper elementor-cta__content-item elementor-content-item \">\n\t\t\t\t\t<a class=\"elementor-cta__button elementor-button elementor-size-\" href=\"http:\/\/www.vinum-distribution.de\">\n\t\t\t\t\t\tScopri di pi\u00f9\t\t\t\t\t<\/a>\n\t\t\t\t\t<\/div>\n\t\t\t\t\t\t\t<\/div>\n\t\t\t\t\t\t<\/div>\n\t\t\t\t\t\t<\/div>\n\t\t\t\t<\/div>\n\t\t\t\t\t<\/div>\n\t\t\t\t<\/div>\n\t\t<div class=\"elementor-element elementor-element-f045e9b e-flex e-con-boxed e-con e-parent\" data-id=\"f045e9b\" data-element_type=\"container\">\n\t\t\t\t\t<div class=\"e-con-inner\">\n\t\t\t\t<div class=\"elementor-element elementor-element-046f01f elementor-widget elementor-widget-image\" data-id=\"046f01f\" data-element_type=\"widget\" data-widget_type=\"image.default\">\n\t\t\t\t\t\t\t\t\t\t\t\t\t\t\t<img fetchpriority=\"high\" decoding=\"async\" width=\"3333\" height=\"792\" src=\"https:\/\/vinum.it\/wp-content\/uploads\/230925_Gefaese_800x190px_rot3-2.png\" class=\"attachment-full size-full wp-image-7323\" alt=\"\" \/>\t\t\t\t\t\t\t\t\t\t\t\t\t\t\t<\/div>\n\t\t\t\t\t<\/div>\n\t\t\t\t<\/div>\n\t\t<div class=\"elementor-element elementor-element-8879ab6 e-flex e-con-boxed e-con e-parent\" data-id=\"8879ab6\" data-element_type=\"container\">\n\t\t\t\t\t<div class=\"e-con-inner\">\n\t\t\t\t<div class=\"elementor-element elementor-element-f8c0419 elementor-cta--skin-cover elementor-bg-transform elementor-bg-transform-zoom-in elementor-widget elementor-widget-call-to-action\" data-id=\"f8c0419\" data-element_type=\"widget\" data-widget_type=\"call-to-action.default\">\n\t\t\t\t\t\t\t<div class=\"elementor-cta\">\n\t\t\t\t\t<div class=\"elementor-cta__bg-wrapper\">\n\t\t\t\t<div class=\"elementor-cta__bg elementor-bg\" style=\"background-image: url(https:\/\/vinum.it\/wp-content\/uploads\/Frau-in-Spirituosenraum.webp);\" role=\"img\" aria-label=\"Frau in Spirituosenraum\"><\/div>\n\t\t\t\t<div class=\"elementor-cta__bg-overlay\"><\/div>\n\t\t\t<\/div>\n\t\t\t\t\t\t\t<div class=\"elementor-cta__content\">\n\t\t\t\t\n\t\t\t\t\t\t\t\t\t<h2 class=\"elementor-cta__title elementor-cta__content-item elementor-content-item\">\n\t\t\t\t\t\tCarriera con vino\t\t\t\t\t<\/h2>\n\t\t\t\t\n\t\t\t\t\n\t\t\t\t\t\t\t\t\t<div class=\"elementor-cta__button-wrapper elementor-cta__content-item elementor-content-item \">\n\t\t\t\t\t<a class=\"elementor-cta__button elementor-button elementor-size-\" href=\"https:\/\/vinum.it\/karriere\/\">\n\t\t\t\t\t\tScopri di pi\u00f9\t\t\t\t\t<\/a>\n\t\t\t\t\t<\/div>\n\t\t\t\t\t\t\t<\/div>\n\t\t\t\t\t\t<\/div>\n\t\t\t\t\t\t<\/div>\n\t\t\t\t\t<\/div>\n\t\t\t\t<\/div>\n\t\t\t\t<\/div>\n\t\t","protected":false},"excerpt":{"rendered":"<p>Focus on wine.Contatto scegliere VINUM Vinum \u00e8 un\u2019azienda familiare attiva come agenzia e societ\u00e0 commerciale, con aree operative chiaramente strutturate dedicate al mondo dei vini italiani. Dall\u2019agenzia di distribuzione internazionale alla distribuzione regionale in Alto Adige, fino alla vinoteca, al dropshipping e a selezionati progetti nel settore della ristorazione, Vinum riunisce competenze diverse sotto un [&hellip;]<\/p>\n","protected":false},"author":2,"featured_media":0,"parent":0,"menu_order":0,"comment_status":"closed","ping_status":"closed","template":"","meta":{"inline_featured_image":false,"footnotes":""},"class_list":["post-10474","page","type-page","status-publish","hentry"],"yoast_head":"<!-- This site is optimized with the Yoast SEO plugin v24.3 - https:\/\/yoast.com\/wordpress\/plugins\/seo\/ -->\n<title>Vinum - Il vostro esperto di vini esclusivi in Alto Adige e in Italia<\/title>\n<meta name=\"description\" content=\"Vinum offre una squisita selezione di vini dell&#039;Alto Adige e di tutta Italia. Perfetto per la vendita al dettaglio, la ristorazione e gli amanti del vino!\" \/>\n<meta name=\"robots\" content=\"index, follow, max-snippet:-1, max-image-preview:large, max-video-preview:-1\" \/>\n<link rel=\"canonical\" href=\"https:\/\/vinum.it\/it\/\" \/>\n<meta property=\"og:locale\" content=\"it_IT\" \/>\n<meta property=\"og:type\" content=\"article\" \/>\n<meta property=\"og:title\" content=\"Vinum - Il vostro esperto di vini esclusivi in Alto Adige e in Italia\" \/>\n<meta property=\"og:description\" content=\"Vinum offre una squisita selezione di vini dell&#039;Alto Adige e di tutta Italia. Perfetto per la vendita al dettaglio, la ristorazione e gli amanti del vino!\" \/>\n<meta property=\"og:url\" content=\"https:\/\/vinum.it\/it\/\" \/>\n<meta property=\"og:site_name\" content=\"Vinum\" \/>\n<meta property=\"article:publisher\" content=\"https:\/\/www.facebook.com\/vinumitaly\" \/>\n<meta property=\"article:modified_time\" content=\"2026-02-24T10:07:15+00:00\" \/>\n<meta property=\"og:image\" content=\"https:\/\/vinum.it\/wp-content\/uploads\/favicon-1.png\" \/>\n<meta name=\"twitter:card\" content=\"summary_large_image\" \/>\n<meta name=\"twitter:title\" content=\"Vinum - Il vostro esperto di vini esclusivi in Alto Adige e in Italia\" \/>\n<meta name=\"twitter:description\" content=\"Vinum offre una squisita selezione di vini dell&#039;Alto Adige e di tutta Italia. Perfetto per la vendita al dettaglio, la ristorazione e gli amanti del vino!\" \/>\n<meta name=\"twitter:image\" content=\"https:\/\/vinum.it\/wp-content\/uploads\/favicon-1.png\" \/>\n<script type=\"application\/ld+json\" class=\"yoast-schema-graph\">{\"@context\":\"https:\/\/schema.org\",\"@graph\":[{\"@type\":\"WebPage\",\"@id\":\"https:\/\/vinum.it\/it\/\",\"url\":\"https:\/\/vinum.it\/it\/\",\"name\":\"Vinum - Il vostro esperto di vini esclusivi in Alto Adige e in Italia\",\"isPartOf\":{\"@id\":\"https:\/\/vinum.it\/it\/#website\"},\"primaryImageOfPage\":{\"@id\":\"https:\/\/vinum.it\/it\/#primaryimage\"},\"image\":{\"@id\":\"https:\/\/vinum.it\/it\/#primaryimage\"},\"thumbnailUrl\":\"https:\/\/vinum.it\/wp-content\/uploads\/230925_Gefaese_800x190px_rot3-2.png\",\"datePublished\":\"2023-08-30T11:35:08+00:00\",\"dateModified\":\"2026-02-24T10:07:15+00:00\",\"description\":\"Vinum offre una squisita selezione di vini dell'Alto Adige e di tutta Italia. Perfetto per la vendita al dettaglio, la ristorazione e gli amanti del vino!\",\"breadcrumb\":{\"@id\":\"https:\/\/vinum.it\/it\/#breadcrumb\"},\"inLanguage\":\"it-IT\",\"potentialAction\":[{\"@type\":\"ReadAction\",\"target\":[\"https:\/\/vinum.it\/it\/\"]}]},{\"@type\":\"ImageObject\",\"inLanguage\":\"it-IT\",\"@id\":\"https:\/\/vinum.it\/it\/#primaryimage\",\"url\":\"https:\/\/vinum.it\/wp-content\/uploads\/230925_Gefaese_800x190px_rot3-2.png\",\"contentUrl\":\"https:\/\/vinum.it\/wp-content\/uploads\/230925_Gefaese_800x190px_rot3-2.png\"},{\"@type\":\"BreadcrumbList\",\"@id\":\"https:\/\/vinum.it\/it\/#breadcrumb\",\"itemListElement\":[{\"@type\":\"ListItem\",\"position\":1,\"name\":\"Home\",\"item\":\"https:\/\/vinum.it\/it\/\"},{\"@type\":\"ListItem\",\"position\":2,\"name\":\"Home\"}]},{\"@type\":\"WebSite\",\"@id\":\"https:\/\/vinum.it\/it\/#website\",\"url\":\"https:\/\/vinum.it\/it\/\",\"name\":\"Vinum\",\"description\":\"Weindiele\",\"publisher\":{\"@id\":\"https:\/\/vinum.it\/it\/#organization\"},\"potentialAction\":[{\"@type\":\"SearchAction\",\"target\":{\"@type\":\"EntryPoint\",\"urlTemplate\":\"https:\/\/vinum.it\/it\/?s={search_term_string}\"},\"query-input\":{\"@type\":\"PropertyValueSpecification\",\"valueRequired\":true,\"valueName\":\"search_term_string\"}}],\"inLanguage\":\"it-IT\"},{\"@type\":\"Organization\",\"@id\":\"https:\/\/vinum.it\/it\/#organization\",\"name\":\"Vinum\",\"url\":\"https:\/\/vinum.it\/it\/\",\"logo\":{\"@type\":\"ImageObject\",\"inLanguage\":\"it-IT\",\"@id\":\"https:\/\/vinum.it\/it\/#\/schema\/logo\/image\/\",\"url\":\"https:\/\/vinum.it\/wp-content\/uploads\/vinum-logo.svg\",\"contentUrl\":\"https:\/\/vinum.it\/wp-content\/uploads\/vinum-logo.svg\",\"width\":225,\"height\":77,\"caption\":\"Vinum\"},\"image\":{\"@id\":\"https:\/\/vinum.it\/it\/#\/schema\/logo\/image\/\"},\"sameAs\":[\"https:\/\/www.facebook.com\/vinumitaly\",\"https:\/\/www.instagram.com\/vinum.italy\/\"]}]}<\/script>\n<!-- \/ Yoast SEO plugin. -->","yoast_head_json":{"title":"Vinum - Il vostro esperto di vini esclusivi in Alto Adige e in Italia","description":"Vinum offre una squisita selezione di vini dell'Alto Adige e di tutta Italia. Perfetto per la vendita al dettaglio, la ristorazione e gli amanti del vino!","robots":{"index":"index","follow":"follow","max-snippet":"max-snippet:-1","max-image-preview":"max-image-preview:large","max-video-preview":"max-video-preview:-1"},"canonical":"https:\/\/vinum.it\/it\/","og_locale":"it_IT","og_type":"article","og_title":"Vinum - Il vostro esperto di vini esclusivi in Alto Adige e in Italia","og_description":"Vinum offre una squisita selezione di vini dell'Alto Adige e di tutta Italia. Perfetto per la vendita al dettaglio, la ristorazione e gli amanti del vino!","og_url":"https:\/\/vinum.it\/it\/","og_site_name":"Vinum","article_publisher":"https:\/\/www.facebook.com\/vinumitaly","article_modified_time":"2026-02-24T10:07:15+00:00","og_image":[{"url":"https:\/\/vinum.it\/wp-content\/uploads\/favicon-1.png","type":"","width":"","height":""}],"twitter_card":"summary_large_image","twitter_title":"Vinum - Il vostro esperto di vini esclusivi in Alto Adige e in Italia","twitter_description":"Vinum offre una squisita selezione di vini dell'Alto Adige e di tutta Italia. Perfetto per la vendita al dettaglio, la ristorazione e gli amanti del vino!","twitter_image":"https:\/\/vinum.it\/wp-content\/uploads\/favicon-1.png","schema":{"@context":"https:\/\/schema.org","@graph":[{"@type":"WebPage","@id":"https:\/\/vinum.it\/it\/","url":"https:\/\/vinum.it\/it\/","name":"Vinum - Il vostro esperto di vini esclusivi in Alto Adige e in Italia","isPartOf":{"@id":"https:\/\/vinum.it\/it\/#website"},"primaryImageOfPage":{"@id":"https:\/\/vinum.it\/it\/#primaryimage"},"image":{"@id":"https:\/\/vinum.it\/it\/#primaryimage"},"thumbnailUrl":"https:\/\/vinum.it\/wp-content\/uploads\/230925_Gefaese_800x190px_rot3-2.png","datePublished":"2023-08-30T11:35:08+00:00","dateModified":"2026-02-24T10:07:15+00:00","description":"Vinum offre una squisita selezione di vini dell'Alto Adige e di tutta Italia. Perfetto per la vendita al dettaglio, la ristorazione e gli amanti del vino!","breadcrumb":{"@id":"https:\/\/vinum.it\/it\/#breadcrumb"},"inLanguage":"it-IT","potentialAction":[{"@type":"ReadAction","target":["https:\/\/vinum.it\/it\/"]}]},{"@type":"ImageObject","inLanguage":"it-IT","@id":"https:\/\/vinum.it\/it\/#primaryimage","url":"https:\/\/vinum.it\/wp-content\/uploads\/230925_Gefaese_800x190px_rot3-2.png","contentUrl":"https:\/\/vinum.it\/wp-content\/uploads\/230925_Gefaese_800x190px_rot3-2.png"},{"@type":"BreadcrumbList","@id":"https:\/\/vinum.it\/it\/#breadcrumb","itemListElement":[{"@type":"ListItem","position":1,"name":"Home","item":"https:\/\/vinum.it\/it\/"},{"@type":"ListItem","position":2,"name":"Home"}]},{"@type":"WebSite","@id":"https:\/\/vinum.it\/it\/#website","url":"https:\/\/vinum.it\/it\/","name":"Vinum","description":"Weindiele","publisher":{"@id":"https:\/\/vinum.it\/it\/#organization"},"potentialAction":[{"@type":"SearchAction","target":{"@type":"EntryPoint","urlTemplate":"https:\/\/vinum.it\/it\/?s={search_term_string}"},"query-input":{"@type":"PropertyValueSpecification","valueRequired":true,"valueName":"search_term_string"}}],"inLanguage":"it-IT"},{"@type":"Organization","@id":"https:\/\/vinum.it\/it\/#organization","name":"Vinum","url":"https:\/\/vinum.it\/it\/","logo":{"@type":"ImageObject","inLanguage":"it-IT","@id":"https:\/\/vinum.it\/it\/#\/schema\/logo\/image\/","url":"https:\/\/vinum.it\/wp-content\/uploads\/vinum-logo.svg","contentUrl":"https:\/\/vinum.it\/wp-content\/uploads\/vinum-logo.svg","width":225,"height":77,"caption":"Vinum"},"image":{"@id":"https:\/\/vinum.it\/it\/#\/schema\/logo\/image\/"},"sameAs":["https:\/\/www.facebook.com\/vinumitaly","https:\/\/www.instagram.com\/vinum.italy\/"]}]}},"_links":{"self":[{"href":"https:\/\/vinum.it\/it\/wp-json\/wp\/v2\/pages\/10474"}],"collection":[{"href":"https:\/\/vinum.it\/it\/wp-json\/wp\/v2\/pages"}],"about":[{"href":"https:\/\/vinum.it\/it\/wp-json\/wp\/v2\/types\/page"}],"author":[{"embeddable":true,"href":"https:\/\/vinum.it\/it\/wp-json\/wp\/v2\/users\/2"}],"replies":[{"embeddable":true,"href":"https:\/\/vinum.it\/it\/wp-json\/wp\/v2\/comments?post=10474"}],"version-history":[{"count":29,"href":"https:\/\/vinum.it\/it\/wp-json\/wp\/v2\/pages\/10474\/revisions"}],"predecessor-version":[{"id":11761,"href":"https:\/\/vinum.it\/it\/wp-json\/wp\/v2\/pages\/10474\/revisions\/11761"}],"wp:attachment":[{"href":"https:\/\/vinum.it\/it\/wp-json\/wp\/v2\/media?parent=10474"}],"curies":[{"name":"wp","href":"https:\/\/api.w.org\/{rel}","templated":true}]}}